{"id":8495,"date":"2023-10-13T18:15:28","date_gmt":"2023-10-13T16:15:28","guid":{"rendered":"https:\/\/www.stoomtrein.be\/?page_id=8495"},"modified":"2025-10-21T11:42:29","modified_gmt":"2025-10-21T09:42:29","slug":"stoomlocomotieven","status":"publish","type":"page","link":"https:\/\/www.stoomtrein.be\/fr\/erfgoed\/stoomlocomotieven\/","title":{"rendered":"Locomotives \u00e0 vapeur"},"content":{"rendered":"<p>Notre association poss\u00e8de une grande collection de locomotives \u00e0 vapeur, la plupart de fabrication belge. Certaines d'entre elles sont en \u00e9tat de marche et restaur\u00e9es. <\/p>\n\n\n\n<p><em>Remarque : les sous-pages sont actuellement en cours de d\u00e9veloppement.<\/em><\/p>\n\n\n\n<div class=\"wp-block-columns is-layout-flex wp-container-core-columns-is-layout-28f84493 wp-block-columns-is-layout-flex\">\n<div class=\"wp-block-column is-layout-flow wp-block-column-is-layout-flow\">\n<div class=\"wp-block-cover is-light has-palette-color-5-color has-text-color wp-duotone-unset-2\" style=\"border-style:none;border-width:0px;border-radius:0px;padding-top:0;padding-right:0;padding-bottom:0;padding-left:0\"><img decoding=\"async\" class=\"wp-block-cover__image-background wp-image-8906\" alt=\"\" src=\"https:\/\/www.stoomtrein.be\/wp-content\/uploads\/2023\/10\/IMG_1256.jpg\" style=\"object-position:74% 44%\" data-object-fit=\"cover\" data-object-position=\"74% 44%\"\/><span aria-hidden=\"true\" class=\"wp-block-cover__background has-background-dim\"><\/span><div class=\"wp-block-cover__inner-container is-layout-constrained wp-container-core-cover-is-layout-4546306c wp-block-cover-is-layout-constrained\">\n<p class=\"has-text-align-center has-palette-color-5-color has-text-color has-medium-font-size\"><strong>N\u00b01 - Cockerill n\u00b0 2643<\/strong><\/p>\n\n\n\n<p class=\"has-text-align-center\">1907<br>S.A. John Cockerill<\/p>\n\n\n\n<p class=\"has-text-align-center\"><strong>Statut actuel<\/strong>:<strong><em> <\/em><\/strong><em>en restauration<\/em><\/p>\n\n\n\n<div class=\"wp-block-buttons is-content-justification-center is-layout-flex wp-container-core-buttons-is-layout-a89b3969 wp-block-buttons-is-layout-flex\">\n<div class=\"wp-block-button is-style-outline is-style-outline--1\"><a class=\"wp-block-button__link has-palette-color-5-color has-text-color has-text-align-center wp-element-button\" href=\"https:\/\/www.stoomtrein.be\/fr\/n1-cockerill-n-2643\/\" style=\"border-radius:44px\">Plus d'informations<\/a><\/div>\n<\/div>\n<\/div><\/div>\n\n\n\n<div class=\"wp-block-cover has-palette-color-5-color has-text-color wp-duotone-unset-4\" style=\"border-style:none;border-width:0px;border-radius:0px;padding-top:0;padding-right:0;padding-bottom:0;padding-left:0\"><img decoding=\"async\" class=\"wp-block-cover__image-background wp-image-6418\" alt=\"\" src=\"https:\/\/www.stoomtrein.be\/wp-content\/uploads\/2023\/07\/Stoomtrein-Officiele-doortrek-Puurs-04072021.jpg\" style=\"object-position:38% 47%\" data-object-fit=\"cover\" data-object-position=\"38% 47%\"\/><span aria-hidden=\"true\" class=\"wp-block-cover__background has-background-dim\"><\/span><div class=\"wp-block-cover__inner-container is-layout-constrained wp-container-core-cover-is-layout-4546306c wp-block-cover-is-layout-constrained\">\n<p class=\"has-text-align-center has-palette-color-5-color has-text-color has-medium-font-size\"><strong>N\u00b03 - HSP n\u00b0 1378 \"Wase Kleiputter\" (en anglais)<\/strong><\/p>\n\n\n\n<p class=\"has-text-align-center\">1922<br>F.U.F. de et \u00e0 Haine-St-Pierre<\/p>\n\n\n\n<p class=\"has-text-align-center\"><strong>Statut actuel<\/strong>:<strong><em> <\/em><\/strong><em>op\u00e9rationelle<\/em><\/p>\n\n\n\n<div class=\"wp-block-buttons is-content-justification-center is-layout-flex wp-container-core-buttons-is-layout-a89b3969 wp-block-buttons-is-layout-flex\">\n<div class=\"wp-block-button is-style-outline is-style-outline--3\"><a class=\"wp-block-button__link has-palette-color-5-color has-text-color has-text-align-center wp-element-button\" href=\"https:\/\/www.stoomtrein.be\/fr\/erfgoed\/stoomlocomotieven\/n3-hsp-n-1378-wase-kleiputter\/\" style=\"border-radius:44px\">Plus d'informations<\/a><\/div>\n<\/div>\n<\/div><\/div>\n<\/div>\n\n\n\n<div class=\"wp-block-column is-layout-flow wp-block-column-is-layout-flow\">\n<div class=\"wp-block-cover is-light has-palette-color-5-color has-text-color wp-duotone-unset-6\" style=\"border-style:none;border-width:0px;border-radius:0px;padding-top:0;padding-right:0;padding-bottom:0;padding-left:0\"><img decoding=\"async\" class=\"wp-block-cover__image-background wp-image-8905\" alt=\"\" src=\"https:\/\/www.stoomtrein.be\/wp-content\/uploads\/2023\/10\/8094806507_8f33a3f21f_b.jpg\" style=\"object-position:13% 32%\" data-object-fit=\"cover\" data-object-position=\"13% 32%\"\/><span aria-hidden=\"true\" class=\"wp-block-cover__background has-background-dim\"><\/span><div class=\"wp-block-cover__inner-container is-layout-constrained wp-container-core-cover-is-layout-4546306c wp-block-cover-is-layout-constrained\">\n<p class=\"has-text-align-center has-palette-color-5-color has-text-color has-medium-font-size\"><strong>N\u00b02 - Henschel n\u00b0 29884 \"Duvel\"<\/strong><\/p>\n\n\n\n<p class=\"has-text-align-center\">1946<br>Henschel und Sohn<\/p>\n\n\n\n<p class=\"has-text-align-center\"><strong>Statut actuel<\/strong>:<strong><em> <\/em><\/strong><em>pas op\u00e9rationelle<\/em><\/p>\n\n\n\n<div class=\"wp-block-buttons is-content-justification-center is-layout-flex wp-container-core-buttons-is-layout-a89b3969 wp-block-buttons-is-layout-flex\">\n<div class=\"wp-block-button is-style-outline is-style-outline--5\"><a class=\"wp-block-button__link has-palette-color-5-color has-text-color has-text-align-center wp-element-button\" href=\"https:\/\/www.stoomtrein.be\/fr\/erfgoed\/stoomlocomotieven\/n2-henschel-n-29884-duvel\/\" style=\"border-radius:44px\">Plus d'informations<\/a><\/div>\n<\/div>\n<\/div><\/div>\n\n\n\n<div class=\"wp-block-cover is-light has-palette-color-5-color has-text-color wp-duotone-unset-8\" style=\"border-style:none;border-width:0px;border-radius:0px;padding-top:0;padding-right:0;padding-bottom:0;padding-left:0\"><img decoding=\"async\" class=\"wp-block-cover__image-background wp-image-8498\" alt=\"\" src=\"https:\/\/www.stoomtrein.be\/wp-content\/uploads\/2023\/10\/IMG20231008123131-scaled.jpg\" style=\"object-position:51% 47%\" data-object-fit=\"cover\" data-object-position=\"51% 47%\"\/><span aria-hidden=\"true\" class=\"wp-block-cover__background has-background-dim\"><\/span><div class=\"wp-block-cover__inner-container is-layout-constrained wp-container-core-cover-is-layout-4546306c wp-block-cover-is-layout-constrained\">\n<p class=\"has-text-align-center has-palette-color-5-color has-text-color has-medium-font-size\"><strong>N\u00b04 - Tubize n\u00b0 2069 \"Helena\"<\/strong><\/p>\n\n\n\n<p class=\"has-text-align-center\">1927<br>Ateliers M\u00e9tallurgiques de Tubize<\/p>\n\n\n\n<p class=\"has-text-align-center\"><strong>Statut actuel<\/strong>:<strong><em> <\/em><\/strong><em>op\u00e9rationelle<\/em><\/p>\n\n\n\n<div class=\"wp-block-buttons is-content-justification-center is-layout-flex wp-container-core-buttons-is-layout-a89b3969 wp-block-buttons-is-layout-flex\">\n<div class=\"wp-block-button is-style-outline is-style-outline--7\"><a class=\"wp-block-button__link has-palette-color-5-color has-text-color has-text-align-center wp-element-button\" href=\"https:\/\/www.stoomtrein.be\/fr\/erfgoed\/stoomlocomotieven\/n4-tubize-n-2069-helena\/\" style=\"border-radius:44px\">Plus d'informations<\/a><\/div>\n<\/div>\n<\/div><\/div>\n<\/div>\n<\/div>\n\n\n\n<h3 class=\"wp-block-heading\">Autres locomotives \u00e0 vapeur<\/h3>\n\n\n\n<p>Outre les locomotives d\u00e9crites ci-dessus, l'association poss\u00e8de plusieurs autres locomotives \u00e0 vapeur, bri\u00e8vement \u00e9num\u00e9r\u00e9es ci-dessous<\/p>\n\n\n\n<ul class=\"wp-block-list\">\n<li><a href=\"https:\/\/www.stoomtrein.be\/fr\/erfgoed\/stoomlocomotieven\/n5-cockerill-n-975-jojo\/\" data-type=\"page\" data-id=\"16577\">Locomotive n\u00b05 : Cockerill n\u00b0975 \"Jojo\" construite en 1875<\/a><\/li>\n\n\n\n<li>Loco n\u00b06 : Haine-St-Pierre \"Alice\" construite en 1924<\/li>\n\n\n\n<li>Loco n\u00b07 : Haine-St-Pierre \"Taty\" construite en 1908<\/li>\n\n\n\n<li>Locomotive n\u00b08 : Tubize n\u00b02334 construite en 1948<\/li>\n\n\n\n<li><a href=\"https:\/\/www.stoomtrein.be\/fr\/erfgoed\/stoomlocomotieven\/n9-cockerill-n-509-petit-chateau\/\" data-type=\"page\" data-id=\"16702\">Loco n\u00b09 : Cockerill n\u00b0509 construite en 1860<\/a><\/li>\n\n\n\n<li>Locomotive n\u00b010 : Cockerill n\u00b03083 construite en 1924<\/li>\n\n\n\n<li>Locomotive n\u00b011 : Tubize n\u00b0 2333 construite en 1948<\/li>\n<\/ul>","protected":false},"excerpt":{"rendered":"<p>Onze vereniging beschikt over een grote collectie aan stoomlocomotieven, de meesten van Belgische makelij. Enkelen hiervan zijn in rijvaardige, gerestaureerde toestand. Opgelet: de subpagina&#8217;s zijn momenteel nog in ontwikkeling. Andere [&hellip;]<\/p>\n","protected":false},"author":1,"featured_media":0,"parent":2196,"menu_order":0,"comment_status":"closed","ping_status":"closed","template":"","meta":{"_price":"","_stock":"","_tribe_ticket_header":"","_tribe_default_ticket_provider":"","_tribe_ticket_capacity":"0","_ticket_start_date":"","_ticket_end_date":"","_tribe_ticket_show_description":"","_tribe_ticket_show_not_going":false,"_tribe_ticket_use_global_stock":"","_tribe_ticket_global_stock_level":"","_global_stock_mode":"","_global_stock_cap":"","_tribe_rsvp_for_event":"","_tribe_ticket_going_count":"","_tribe_ticket_not_going_count":"","_tribe_tickets_list":"[]","_tribe_ticket_has_attendee_info_fields":false,"_themeisle_gutenberg_block_has_review":false,"footnotes":"","_tec_slr_enabled":"","_tec_slr_layout":""},"class_list":["post-8495","page","type-page","status-publish","hentry"],"blocksy_meta":[],"jetpack_sharing_enabled":true,"ticketed":false,"_links":{"self":[{"href":"https:\/\/www.stoomtrein.be\/fr\/wp-json\/wp\/v2\/pages\/8495","targetHints":{"allow":["GET"]}}],"collection":[{"href":"https:\/\/www.stoomtrein.be\/fr\/wp-json\/wp\/v2\/pages"}],"about":[{"href":"https:\/\/www.stoomtrein.be\/fr\/wp-json\/wp\/v2\/types\/page"}],"author":[{"embeddable":true,"href":"https:\/\/www.stoomtrein.be\/fr\/wp-json\/wp\/v2\/users\/1"}],"replies":[{"embeddable":true,"href":"https:\/\/www.stoomtrein.be\/fr\/wp-json\/wp\/v2\/comments?post=8495"}],"version-history":[{"count":14,"href":"https:\/\/www.stoomtrein.be\/fr\/wp-json\/wp\/v2\/pages\/8495\/revisions"}],"predecessor-version":[{"id":20643,"href":"https:\/\/www.stoomtrein.be\/fr\/wp-json\/wp\/v2\/pages\/8495\/revisions\/20643"}],"up":[{"embeddable":true,"href":"https:\/\/www.stoomtrein.be\/fr\/wp-json\/wp\/v2\/pages\/2196"}],"wp:attachment":[{"href":"https:\/\/www.stoomtrein.be\/fr\/wp-json\/wp\/v2\/media?parent=8495"}],"curies":[{"name":"wp","href":"https:\/\/api.w.org\/{rel}","templated":true}]}}