{"id":2236,"date":"2023-04-19T11:12:04","date_gmt":"2023-04-19T10:12:04","guid":{"rendered":"http:\/\/sdp-website.local\/?page_id=2236"},"modified":"2023-04-19T11:12:04","modified_gmt":"2023-04-19T10:12:04","slug":"boekenshop","status":"publish","type":"page","link":"https:\/\/www.stoomtrein.be\/fr\/boekenshop\/","title":{"rendered":"Librairie"},"content":{"rendered":"<p>La librairie du SDP-BVS poss\u00e8de l'une des plus grandes collections de livres, de magazines, de DVD et de vid\u00e9ocassettes sur tout ce qui concerne les chemins de fer, les trains, les tramways, etc.<\/p>\n\n\n\n<p>&nbsp;<strong>Heures d'ouverture :<\/strong><\/p>\n\n\n\n<p>Tous les samedis (sauf jours f\u00e9ri\u00e9s) : de 14h00 \u00e0 17h30<br>Tous les dimanches (de juillet \u00e0 septembre) : de 14h00 \u00e0 17h30<\/p>\n\n\n\n<p><strong>Adresse :<\/strong><\/p>\n\n\n\n<p><strong>Gare de Baasrode-Nord<br><\/strong>Rue de l'usine 118<br>9200 Baasrode (Dendermonde)<\/p>","protected":false},"excerpt":{"rendered":"<p>In de SDP-BVS boekenshop vindt u een van de grootste collecties van boeken, tijdschriften, dvd&#8217;s en videocassettes over alles in en rond spoorwegen, treinen, trams etc. &nbsp;Openingsuren: Iedere zaterdag (behalve [&hellip;]<\/p>\n","protected":false},"author":1,"featured_media":0,"parent":0,"menu_order":0,"comment_status":"closed","ping_status":"closed","template":"","meta":{"_price":"","_stock":"","_tribe_ticket_header":"","_tribe_default_ticket_provider":"","_tribe_ticket_capacity":"0","_ticket_start_date":"","_ticket_end_date":"","_tribe_ticket_show_description":"","_tribe_ticket_show_not_going":false,"_tribe_ticket_use_global_stock":"","_tribe_ticket_global_stock_level":"","_global_stock_mode":"","_global_stock_cap":"","_tribe_rsvp_for_event":"","_tribe_ticket_going_count":"","_tribe_ticket_not_going_count":"","_tribe_tickets_list":"[]","_tribe_ticket_has_attendee_info_fields":false,"_themeisle_gutenberg_block_has_review":false,"footnotes":"","_tec_slr_enabled":"","_tec_slr_layout":""},"class_list":["post-2236","page","type-page","status-publish","hentry"],"blocksy_meta":[],"jetpack_sharing_enabled":true,"ticketed":false,"_links":{"self":[{"href":"https:\/\/www.stoomtrein.be\/fr\/wp-json\/wp\/v2\/pages\/2236","targetHints":{"allow":["GET"]}}],"collection":[{"href":"https:\/\/www.stoomtrein.be\/fr\/wp-json\/wp\/v2\/pages"}],"about":[{"href":"https:\/\/www.stoomtrein.be\/fr\/wp-json\/wp\/v2\/types\/page"}],"author":[{"embeddable":true,"href":"https:\/\/www.stoomtrein.be\/fr\/wp-json\/wp\/v2\/users\/1"}],"replies":[{"embeddable":true,"href":"https:\/\/www.stoomtrein.be\/fr\/wp-json\/wp\/v2\/comments?post=2236"}],"version-history":[{"count":1,"href":"https:\/\/www.stoomtrein.be\/fr\/wp-json\/wp\/v2\/pages\/2236\/revisions"}],"predecessor-version":[{"id":2237,"href":"https:\/\/www.stoomtrein.be\/fr\/wp-json\/wp\/v2\/pages\/2236\/revisions\/2237"}],"wp:attachment":[{"href":"https:\/\/www.stoomtrein.be\/fr\/wp-json\/wp\/v2\/media?parent=2236"}],"curies":[{"name":"wp","href":"https:\/\/api.w.org\/{rel}","templated":true}]}}