{"id":16577,"date":"2025-02-20T12:45:25","date_gmt":"2025-02-20T11:45:25","guid":{"rendered":"https:\/\/www.stoomtrein.be\/?page_id=16577"},"modified":"2025-02-20T12:45:27","modified_gmt":"2025-02-20T11:45:27","slug":"n5-cockerill-n-975-jojo","status":"publish","type":"page","link":"https:\/\/www.stoomtrein.be\/en\/erfgoed\/stoomlocomotieven\/n5-cockerill-n-975-jojo\/","title":{"rendered":"N\u00b05 - Cockerill n\u00b0 975 \"Jojo\""},"content":{"rendered":"<p><strong>Current state: <\/strong>in restoration<\/p>\n\n\n\n<p>Cockerill 975 \"Jojo\" from 1875 is the third oldest preserved Belgian steam locomotive! It owes its nickname to the previous owner's wife, who calls it Marie-Jo. In 1875, the locomotive was delivered by the constructor Soci\u00e9t\u00e9 Anonyme John Cockerill in Seraing. In 1802, Briton John Cockerill emigrated to what is now Belgium and later founded an industrial empire there. In 1835, it became the first company in Belgium to start manufacturing steam locomotives. After building 3300 steam locomotives, production stopped in 1950 (the company still builds diesel locomotives).<br><br><\/p>\n\n\n\n<figure class=\"wp-block-image size-large\"><img fetchpriority=\"high\" decoding=\"async\" width=\"1024\" height=\"768\" src=\"https:\/\/www.stoomtrein.be\/wp-content\/uploads\/2025\/02\/IMG_2074-1024x768.avif\" alt=\"\" class=\"wp-image-16580\" srcset=\"https:\/\/www.stoomtrein.be\/wp-content\/uploads\/2025\/02\/IMG_2074-1024x768.avif 1024w, https:\/\/www.stoomtrein.be\/wp-content\/uploads\/2025\/02\/IMG_2074-300x225.avif 300w, https:\/\/www.stoomtrein.be\/wp-content\/uploads\/2025\/02\/IMG_2074-768x576.avif 768w, https:\/\/www.stoomtrein.be\/wp-content\/uploads\/2025\/02\/IMG_2074-1536x1152.avif 1536w, https:\/\/www.stoomtrein.be\/wp-content\/uploads\/2025\/02\/IMG_2074-2048x1536.avif 2048w, https:\/\/www.stoomtrein.be\/wp-content\/uploads\/2025\/02\/IMG_2074-16x12.avif 16w, https:\/\/www.stoomtrein.be\/wp-content\/uploads\/2025\/02\/IMG_2074-600x450.avif 600w\" sizes=\"(max-width: 1024px) 100vw, 1024px\" \/><figcaption class=\"wp-element-caption\">Jojo in Baasrode-North<\/figcaption><\/figure>\n\n\n\n<p>Jojo belongs to the type III of the successful model steam locomotives with vertical field boiler of the Li\u00e8ge firm. The shape of the boiler gave these locomotives the nickname bouteille (bottle). This model had 2 major advantages over a classic locomotive. First, the time until the locomotive was on pressure was only 1 hour, compared to 4 hours for a normal industrial locomotive. In addition, the length between wheels could be limited, allowing the locomotive to take sharper curves. The locomotives could be supplied in different sizes and gauges, divided into six types.<\/p>\n\n\n\n<p>The locomotive had a long commercial career of almost 100 years! First she was supplied to the Hainaut coal mines of les Charbonage Mariemont d'Olive, later merged into La S.A. des Charbonnages de Mariemont-Bascoup. Around 1910, the boiler was worn out and Jojo was exchanged at Cockerill for a stronger Type IV. She was fitted with a new boiler (which she still has) and found a new home at the coal mine of the Soci\u00e9t\u00e9 anonyme des Charbonnages de Patience et Beaujonc r\u00e9unis at Glain near Li\u00e8ge. There she entered service on 15 November 1912. Together with 7 other locomotives of different ages and all belonging to the Cockerill company, as this company was a few kilometres away, she provided internal transport for the mine. For this purpose, she was also equipped with buffers for towing narrow gauge wagons.  In 1970, the fire in this locomotive was finally extinguished. So people thought anyway. \u00a0<\/p>\n\n\n\n<figure class=\"wp-block-image size-large\"><img decoding=\"async\" width=\"1024\" height=\"768\" src=\"https:\/\/www.stoomtrein.be\/wp-content\/uploads\/2025\/02\/IMG_2063-1024x768.avif\" alt=\"\" class=\"wp-image-16579\" srcset=\"https:\/\/www.stoomtrein.be\/wp-content\/uploads\/2025\/02\/IMG_2063-1024x768.avif 1024w, https:\/\/www.stoomtrein.be\/wp-content\/uploads\/2025\/02\/IMG_2063-300x225.avif 300w, https:\/\/www.stoomtrein.be\/wp-content\/uploads\/2025\/02\/IMG_2063-768x576.avif 768w, https:\/\/www.stoomtrein.be\/wp-content\/uploads\/2025\/02\/IMG_2063-1536x1152.avif 1536w, https:\/\/www.stoomtrein.be\/wp-content\/uploads\/2025\/02\/IMG_2063-2048x1536.avif 2048w, https:\/\/www.stoomtrein.be\/wp-content\/uploads\/2025\/02\/IMG_2063-16x12.avif 16w, https:\/\/www.stoomtrein.be\/wp-content\/uploads\/2025\/02\/IMG_2063-600x450.avif 600w\" sizes=\"(max-width: 1024px) 100vw, 1024px\" \/><figcaption class=\"wp-element-caption\">Jojo next to her younger sister (n\u00b0 2643) in Baasrode-North)<\/figcaption><\/figure>\n\n\n\n<p>In 1974, some Liege railway enthusiasts got permission to restore the locomotive. At the SNCB workshop in Kinkempois, Jojo was completely refurbished and she returned under pressure at the celebration of 50 years of SNCB in 1976. After this, she returned to Glain. The mine had closed by then, but a coal merchant of the same name came to the site and used the old steamers as life-size signboards.  She was then exhibited once more in Ans.&nbsp;<\/p>\n\n\n\n<p>Things remained quiet around Jojo for a while, until in the early 1990s the Limburg Steam Society bought the locomotive, along with a slightly younger sister loco from the mine. On 6 April 1993, the loco moved to As station where the museum association was based. Here she was given her name Jojo, after the wife of the president of LSV. After a short restoration in which mainly sheet metal and some pipes were replaced, the first trial run could take place on 24 July 1994. A problem with a leaking moderator could soon be fixed and Jojo was festively inaugurated on 15 August 1994. She then rode rides for tourists in the yard of Ash station.&nbsp;<br><\/p>\n\n\n\n<figure class=\"wp-block-image size-large\"><img decoding=\"async\" width=\"1024\" height=\"768\" src=\"https:\/\/www.stoomtrein.be\/wp-content\/uploads\/2025\/02\/IMG_2040-1024x768.avif\" alt=\"\" class=\"wp-image-16578\" srcset=\"https:\/\/www.stoomtrein.be\/wp-content\/uploads\/2025\/02\/IMG_2040-1024x768.avif 1024w, https:\/\/www.stoomtrein.be\/wp-content\/uploads\/2025\/02\/IMG_2040-300x225.avif 300w, https:\/\/www.stoomtrein.be\/wp-content\/uploads\/2025\/02\/IMG_2040-768x576.avif 768w, https:\/\/www.stoomtrein.be\/wp-content\/uploads\/2025\/02\/IMG_2040-1536x1152.avif 1536w, https:\/\/www.stoomtrein.be\/wp-content\/uploads\/2025\/02\/IMG_2040-2048x1536.avif 2048w, https:\/\/www.stoomtrein.be\/wp-content\/uploads\/2025\/02\/IMG_2040-16x12.avif 16w, https:\/\/www.stoomtrein.be\/wp-content\/uploads\/2025\/02\/IMG_2040-600x450.avif 600w\" sizes=\"(max-width: 1024px) 100vw, 1024px\" \/><figcaption class=\"wp-element-caption\">Jojo was loaded onto the flatbed trailer for her transport to Baasrode.<\/figcaption><\/figure>\n\n\n\n<p>Jojo seemed to have a bright future as a museum locomotive in Limburg, but things turned out differently. Due to internal quarrels at the LSV, the old lady ended up in the former chairman's front yard in 2000. Her condition continued to deteriorate and in 2008 she had to leave there. Fortunately, Tubize 2069 asbl was informed and it was able to acquire Jojo. On 2 August, the locomotive arrived at Baasrode-North station by road.&nbsp;<\/p>\n\n\n\n<p>For some time she then remained stationary there, but in November 2010 the laborious restoration of Jojo was started. Yet restoration work was quickly halted because the repair of Cockerill 2643 was given priority. Around 2013, work could then continue. Once again, something else got in the way, interrupting restoration: the gigantic restoration project of the Tubize 2069 'Helena' locomotive by the non-profit organisation of the same name. Only from 2020 was there time again to work on Jojo. Since then, work has quietly continued on the extensive restoration work, but because she is primarily a prestige project, she is low on the priority list. \u00a0<\/p>","protected":false},"excerpt":{"rendered":"<p>Huidige toestand: in restauratie Cockerill 975 &#8220;Jojo&#8221; uit 1875 is de derde oudste bewaarde Belgische stoomlocomotief! Haar bijnaam dank ze aan de vrouw van de vorige eigenaar die Marie-Jo noemt. [&hellip;]<\/p>\n","protected":false},"author":1,"featured_media":0,"parent":8495,"menu_order":0,"comment_status":"closed","ping_status":"closed","template":"","meta":{"_price":"","_stock":"","_tribe_ticket_header":"","_tribe_default_ticket_provider":"","_tribe_ticket_capacity":"0","_ticket_start_date":"","_ticket_end_date":"","_tribe_ticket_show_description":"","_tribe_ticket_show_not_going":false,"_tribe_ticket_use_global_stock":"","_tribe_ticket_global_stock_level":"","_global_stock_mode":"","_global_stock_cap":"","_tribe_rsvp_for_event":"","_tribe_ticket_going_count":"","_tribe_ticket_not_going_count":"","_tribe_tickets_list":"[]","_tribe_ticket_has_attendee_info_fields":false,"_themeisle_gutenberg_block_has_review":false,"footnotes":"","_tec_slr_enabled":"","_tec_slr_layout":""},"class_list":["post-16577","page","type-page","status-publish","hentry"],"blocksy_meta":[],"jetpack_sharing_enabled":true,"ticketed":false,"_links":{"self":[{"href":"https:\/\/www.stoomtrein.be\/en\/wp-json\/wp\/v2\/pages\/16577","targetHints":{"allow":["GET"]}}],"collection":[{"href":"https:\/\/www.stoomtrein.be\/en\/wp-json\/wp\/v2\/pages"}],"about":[{"href":"https:\/\/www.stoomtrein.be\/en\/wp-json\/wp\/v2\/types\/page"}],"author":[{"embeddable":true,"href":"https:\/\/www.stoomtrein.be\/en\/wp-json\/wp\/v2\/users\/1"}],"replies":[{"embeddable":true,"href":"https:\/\/www.stoomtrein.be\/en\/wp-json\/wp\/v2\/comments?post=16577"}],"version-history":[{"count":1,"href":"https:\/\/www.stoomtrein.be\/en\/wp-json\/wp\/v2\/pages\/16577\/revisions"}],"predecessor-version":[{"id":16582,"href":"https:\/\/www.stoomtrein.be\/en\/wp-json\/wp\/v2\/pages\/16577\/revisions\/16582"}],"up":[{"embeddable":true,"href":"https:\/\/www.stoomtrein.be\/en\/wp-json\/wp\/v2\/pages\/8495"}],"wp:attachment":[{"href":"https:\/\/www.stoomtrein.be\/en\/wp-json\/wp\/v2\/media?parent=16577"}],"curies":[{"name":"wp","href":"https:\/\/api.w.org\/{rel}","templated":true}]}}