{"id":21806,"date":"2025-12-17T16:19:10","date_gmt":"2025-12-17T15:19:10","guid":{"rendered":"https:\/\/www.stoomtrein.be\/?post_type=product&#038;p=21806"},"modified":"2026-04-17T13:39:04","modified_gmt":"2026-04-17T11:39:04","slug":"communie-fotoshoot-2026","status":"publish","type":"product","link":"https:\/\/www.stoomtrein.be\/de\/produkt\/communie-fotoshoot-2026\/","title":{"rendered":"Kommunion-Fotoshooting 2026"},"content":{"rendered":"<p>Reservieren Sie auf diesem Weg Ihren Platz f\u00fcr ein Fotoshooting f\u00fcr Kommunions- oder Fr\u00fchlingsfestfotos.<\/p>\n<p>Sie haben Zugang zum Gel\u00e4nde und k\u00f6nnen Fotos rund um die Z\u00fcge machen. Einige historische Waggons sind ebenfalls zug\u00e4nglich und k\u00f6nnen von innen fotografiert werden.<\/p>\n<p>Bewerten: <strong>\u20ac30,00<\/strong> pro Kommunikant<\/p>\n<p>Wir arbeiten mit festen Zeitfenstern von <strong>1 Stunde.\u00a0<\/strong>Ihre Buchung ist nur bei Ankunft zur gebuchten Stunde g\u00fcltig.<\/p>\n<p>Eine Stornierung mit R\u00fcckerstattung kann bis sp\u00e4testens 7 Tage vor dem gebuchten Termin erfolgen.<\/p>\n<p>Wenn Sie einen Termin f\u00fcr Hochzeitsfotos oder andere Fotoshootings ben\u00f6tigen, sollten Sie einen Termin \u00fcber info@stoomtrein.be vereinbaren. Auch in diesem Fall gelten andere Preise.<\/p>\n<p><strong>Adresse:\u00a0<\/strong>Fabriekstraat 118, 9200 Dendermonde<\/p>","protected":false},"excerpt":{"rendered":"<p>Reserveer via deze weg je plaatsje voor een fotoshoot voor Communie- of Lentefeestfoto&#8217;s. U heeft toegang tot de site en mag rond de treinen foto&#8217;s nemen. Er zullen ook enkele [&hellip;]<\/p>\n","protected":false},"featured_media":9988,"template":"","meta":{"_price":"30","_stock":"","_tribe_ticket_header":"","_tribe_default_ticket_provider":"","_tribe_ticket_capacity":"2","_ticket_start_date":"","_ticket_end_date":"","_tribe_ticket_show_description":"","_tribe_ticket_show_not_going":false,"_tribe_ticket_use_global_stock":"","_tribe_ticket_global_stock_level":"","_global_stock_mode":"","_global_stock_cap":"","_tribe_rsvp_for_event":"","_tribe_ticket_going_count":"","_tribe_ticket_not_going_count":"","_tribe_tickets_list":"[]","_tribe_ticket_has_attendee_info_fields":false,"_themeisle_gutenberg_block_has_review":false,"_tec_slr_enabled":"","_tec_slr_layout":""},"product_brand":[],"product_cat":[58],"product_tag":[],"class_list":{"0":"post-21806","1":"product","2":"type-product","3":"status-publish","4":"has-post-thumbnail","6":"product_cat-communie","8":"first","9":"instock","10":"shipping-taxable","11":"purchasable","12":"product-type-variable"},"jetpack_sharing_enabled":true,"_links":{"self":[{"href":"https:\/\/www.stoomtrein.be\/de\/wp-json\/wp\/v2\/product\/21806","targetHints":{"allow":["GET"]}}],"collection":[{"href":"https:\/\/www.stoomtrein.be\/de\/wp-json\/wp\/v2\/product"}],"about":[{"href":"https:\/\/www.stoomtrein.be\/de\/wp-json\/wp\/v2\/types\/product"}],"wp:featuredmedia":[{"embeddable":true,"href":"https:\/\/www.stoomtrein.be\/de\/wp-json\/wp\/v2\/media\/9988"}],"wp:attachment":[{"href":"https:\/\/www.stoomtrein.be\/de\/wp-json\/wp\/v2\/media?parent=21806"}],"wp:term":[{"taxonomy":"product_brand","embeddable":true,"href":"https:\/\/www.stoomtrein.be\/de\/wp-json\/wp\/v2\/product_brand?post=21806"},{"taxonomy":"product_cat","embeddable":true,"href":"https:\/\/www.stoomtrein.be\/de\/wp-json\/wp\/v2\/product_cat?post=21806"},{"taxonomy":"product_tag","embeddable":true,"href":"https:\/\/www.stoomtrein.be\/de\/wp-json\/wp\/v2\/product_tag?post=21806"}],"curies":[{"name":"wp","href":"https:\/\/api.w.org\/{rel}","templated":true}]}}